{"id":24766,"date":"2022-08-03T11:25:41","date_gmt":"2022-08-03T11:25:41","guid":{"rendered":"https:\/\/www.afrikaldia.com\/politica-de-cookies\/"},"modified":"2025-10-27T13:27:14","modified_gmt":"2025-10-27T13:27:14","slug":"politique-des-cookies","status":"publish","type":"page","link":"https:\/\/www.afrikaldia.com\/fr\/politique-des-cookies\/","title":{"rendered":"Politique des Cookies"},"content":{"rendered":"\r\n<div class=\"l-canvas type_wide\"><main id=\"page-content\" class=\"l-main\">\r\n<section id=\"filacontenido\" class=\"l-section wpb_row height_medium\">\r\n<div class=\"l-section-h i-cf\">\r\n<div class=\"g-cols vc_row type_default valign_top gap-10px\">\r\n<div class=\"vc_col-sm-12 wpb_column vc_column_container\">\r\n<div class=\"vc_column-inner\">\r\n<div class=\"wpb_wrapper\">\r\n<div class=\"wpb_text_column \">\r\n<p><strong><\/strong><\/p>\r\n<div class=\"l-canvas type_wide\"><main id=\"page-content\" class=\"l-main\">\r\n<section id=\"filacontenido\" class=\"l-section wpb_row height_medium\">\r\n<div class=\"l-section-h i-cf\">\r\n<div class=\"g-cols vc_row type_default valign_top gap-10px\">\r\n<div class=\"vc_col-sm-12 wpb_column vc_column_container\">\r\n<div class=\"vc_column-inner\">\r\n<div class=\"wpb_wrapper\">\r\n<div class=\"wpb_text_column \">\r\n<h1 class=\"wp-block-heading\">Politique des Cookies<\/h1>\r\n<h2>INFORMATION RELATIVES AUX COOKIES<\/h2>\r\n<h3>Qu\u2019est-ce qu\u2019un cookie ?<\/h3>\r\n<p>Un cookie est un petit fichier texte qu\u2019un site web enregistre sur l\u2019ordinateur ou le dispositif mobile de l\u2019Utilisateur, contenant des informations relatives \u00e0 sa navigation sur ce site. Les cookies permettent, entre autres, de stocker et de r\u00e9cup\u00e9rer des informations sur les habitudes de navigation d\u2019un utilisateur ou de son appareil, et peuvent \u00eatre utilis\u00e9s pour le reconna\u00eetre.<\/p>\r\n<h3>\u00c0 quoi servent les cookies sur ce site web ?<\/h3>\r\n<p>Les cookies constituent un \u00e9l\u00e9ment essentiel au bon fonctionnement de notre site web. Gr\u00e2ce aux cookies, nous pouvons par exemple m\u00e9moriser votre acc\u00e8s \u00e0 l\u2019espace client, vos pr\u00e9f\u00e9rences de navigation, etc.<\/p>\r\n<p>Les informations recueillies par le biais des cookies nous permettent \u00e9galement d\u2019am\u00e9liorer notre site web, notamment gr\u00e2ce \u00e0 des statistiques indiquant quelles sections sont les plus consult\u00e9es, etc.<\/p>\r\n<p>Nous n\u2019enregistrons aucune information \u00e0 caract\u00e8re sensible.<\/p>\r\n<h3>Qui utilise les informations stock\u00e9es par les cookies ?<\/h3>\r\n<p>Les informations enregistr\u00e9es par les cookies sont exclusivement utilis\u00e9es par nos soins, \u00e0 l\u2019exception de celles g\u00e9r\u00e9es par des entit\u00e9s externes qui nous fournissent, \u00e0 des fins statistiques, des services visant \u00e0 am\u00e9liorer nos prestations et l\u2019exp\u00e9rience de navigation sur notre site web.<\/p>\r\n<h3>Comment puis-je d\u00e9sactiver l\u2019utilisation des cookies sur ce site ?<\/h3>\r\n<p>Si vous souhaitez d\u00e9sactiver l\u2019utilisation des cookies sur notre site web et emp\u00eacher leur enregistrement sur votre appareil, veuillez suivre la proc\u00e9dure correspondante au navigateur que vous utilisez pour acc\u00e9der au site.<\/p>\r\n<p>Firefox :\u00a0<a href=\"https:\/\/support.mozilla.org\/es\/kb\/habilitar-y-deshabilitar-cookies-que-los-sitios-we\">https:\/\/support.mozilla.org\/es\/kb\/habilitar-y-deshabilitar-cookies-que-los-sitios-we<\/a>b<\/p>\r\n<p>Chrome :\u00a0<a href=\"http:\/\/support.google.com\/chrome\/bin\/answer.py?hl=es&amp;answer=95647\">http:\/\/support.google.com\/chrome\/bin\/answer.py?hl=es&amp;answer=95647<\/a><\/p>\r\n<p>Explorer :\u00a0<a href=\"http:\/\/windows.microsoft.com\/es-es\/internet-explorer\/delete-manage-cookies#ie=ie-10\">http:\/\/windows.microsoft.com\/es-es\/internet-explorer\/delete-manage-cookies#ie=ie-10<\/a><\/p>\r\n<p>Safari :\u00a0<a href=\"http:\/\/support.apple.com\/kb\/ph5042\">http:\/\/support.apple.com\/kb\/ph5042<\/a><\/p>\r\n<h3>Cookies utilis\u00e9s sur notre site web<\/h3>\r\n<p>Vous trouverez ci-dessous un tableau r\u00e9capitulant les cookies utilis\u00e9s sur notre site web, accompagn\u00e9 d\u2019informations concernant leur finalit\u00e9, leur dur\u00e9e et leur mode de gestion (interne ou par des tiers).<\/p>\r\n<h4>Cookies techniques internes<\/h4>\r\n<table>\r\n<tbody>\r\n<tr>\r\n<td>\r\n<p>Cookie<\/p>\r\n<\/td>\r\n<td>\r\n<p>Dur\u00e9e<\/p>\r\n<\/td>\r\n<td>\r\n<p>Description<\/p>\r\n<\/td>\r\n<\/tr>\r\n<tr>\r\n<td>\r\n<p>_icl_current_language<\/p>\r\n<\/td>\r\n<td>\r\n<p>30 jours<\/p>\r\n<\/td>\r\n<td>\r\n<p>Il enregistre les informations relatives \u00e0 la langue utilis\u00e9e lors de votre visite sur le site web<\/p>\r\n<\/td>\r\n<\/tr>\r\n<tr>\r\n<td>\r\n<p>cookie_notice_accepted<\/p>\r\n<\/td>\r\n<td>\r\n<p>30 jours<\/p>\r\n<\/td>\r\n<td>\r\n<p>Il affiche l\u2019avis relatif aux cookies dans la partie inf\u00e9rieure du site web<\/p>\r\n<\/td>\r\n<\/tr>\r\n<tr>\r\n<td>\r\n<p>wp-*<\/p>\r\n<\/td>\r\n<td>\r\n<p>Session<\/p>\r\n<\/td>\r\n<td>\r\n<p>Il contr\u00f4le les fonctionnalit\u00e9s du syst\u00e8me WP<\/p>\r\n<\/td>\r\n<\/tr>\r\n<\/tbody>\r\n<\/table>\r\n<h4>Cookies de contr\u00f4le statistique de tiers<\/h4>\r\n<table>\r\n<tbody>\r\n<tr>\r\n<td>\r\n<p>Cookie<\/p>\r\n<\/td>\r\n<td>\r\n<p>Dur\u00e9e<\/p>\r\n<\/td>\r\n<td>\r\n<p>Description<\/p>\r\n<\/td>\r\n<\/tr>\r\n<tr>\r\n<td>\r\n<p>Google Analytics (__utma, __utmb, __utmc, __utmz)<\/p>\r\n<\/td>\r\n<td>\r\n<p>1 an<\/p>\r\n<\/td>\r\n<td>\r\n<p>Cookies de google analytics<\/p>\r\n<\/td>\r\n<\/tr>\r\n<\/tbody>\r\n<\/table>\r\n<p>&nbsp;<\/p>\r\n<\/div>\r\n<\/div>\r\n<\/div>\r\n<\/div>\r\n<\/div>\r\n<\/div>\r\n<\/section>\r\n<\/main><\/div>\r\n<\/div>\r\n<\/div>\r\n<\/div>\r\n<\/div>\r\n<\/div>\r\n<\/div>\r\n<\/section>\r\n<\/main><\/div>\r\n","protected":false},"excerpt":{"rendered":"<p>Politique des Cookies INFORMATION RELATIVES AUX COOKIES Qu\u2019est-ce qu\u2019un cookie ? Un cookie est un petit fichier texte qu\u2019un site web enregistre sur l\u2019ordinateur ou le dispositif mobile de l\u2019Utilisateur, contenant des informations relatives \u00e0 sa navigation sur ce site. Les cookies permettent, entre autres, de stocker et de r\u00e9cup\u00e9rer des informations sur les habitudes [&hellip;]<\/p>\n","protected":false},"author":1,"featured_media":0,"parent":0,"menu_order":0,"comment_status":"closed","ping_status":"open","template":"","meta":{"_monsterinsights_skip_tracking":false,"_monsterinsights_sitenote_active":false,"_monsterinsights_sitenote_note":"","_monsterinsights_sitenote_category":0,"footnotes":""},"class_list":["post-24766","page","type-page","status-publish","hentry"],"yoast_head":"<!-- This site is optimized with the Yoast SEO plugin v26.2 - https:\/\/yoast.com\/wordpress\/plugins\/seo\/ -->\n<title>Politique des Cookies - Afrikaldia \u2013 Festival Vasco de Cines Africanos<\/title>\n<meta name=\"robots\" content=\"index, follow, max-snippet:-1, max-image-preview:large, max-video-preview:-1\" \/>\n<link rel=\"canonical\" href=\"https:\/\/www.afrikaldia.com\/fr\/politique-des-cookies\/\" \/>\n<meta property=\"og:locale\" content=\"fr_FR\" \/>\n<meta property=\"og:type\" content=\"article\" \/>\n<meta property=\"og:title\" content=\"Politique des Cookies - Afrikaldia \u2013 Festival Vasco de Cines Africanos\" \/>\n<meta property=\"og:description\" content=\"Politique des Cookies INFORMATION RELATIVES AUX COOKIES Qu\u2019est-ce qu\u2019un cookie ? Un cookie est un petit fichier texte qu\u2019un site web enregistre sur l\u2019ordinateur ou le dispositif mobile de l\u2019Utilisateur, contenant des informations relatives \u00e0 sa navigation sur ce site. Les cookies permettent, entre autres, de stocker et de r\u00e9cup\u00e9rer des informations sur les habitudes [&hellip;]\" \/>\n<meta property=\"og:url\" content=\"https:\/\/www.afrikaldia.com\/fr\/politique-des-cookies\/\" \/>\n<meta property=\"og:site_name\" content=\"Afrikaldia \u2013 Festival Vasco de Cines Africanos\" \/>\n<meta property=\"article:modified_time\" content=\"2025-10-27T13:27:14+00:00\" \/>\n<meta name=\"twitter:card\" content=\"summary_large_image\" \/>\n<meta name=\"twitter:label1\" content=\"Dur\u00e9e de lecture estim\u00e9e\" \/>\n\t<meta name=\"twitter:data1\" content=\"2 minutes\" \/>\n<script type=\"application\/ld+json\" class=\"yoast-schema-graph\">{\"@context\":\"https:\/\/schema.org\",\"@graph\":[{\"@type\":\"WebPage\",\"@id\":\"https:\/\/www.afrikaldia.com\/fr\/politique-des-cookies\/\",\"url\":\"https:\/\/www.afrikaldia.com\/fr\/politique-des-cookies\/\",\"name\":\"Politique des Cookies - Afrikaldia \u2013 Festival Vasco de Cines Africanos\",\"isPartOf\":{\"@id\":\"https:\/\/www.afrikaldia.com\/#website\"},\"datePublished\":\"2022-08-03T11:25:41+00:00\",\"dateModified\":\"2025-10-27T13:27:14+00:00\",\"breadcrumb\":{\"@id\":\"https:\/\/www.afrikaldia.com\/fr\/politique-des-cookies\/#breadcrumb\"},\"inLanguage\":\"fr-FR\",\"potentialAction\":[{\"@type\":\"ReadAction\",\"target\":[\"https:\/\/www.afrikaldia.com\/fr\/politique-des-cookies\/\"]}]},{\"@type\":\"BreadcrumbList\",\"@id\":\"https:\/\/www.afrikaldia.com\/fr\/politique-des-cookies\/#breadcrumb\",\"itemListElement\":[{\"@type\":\"ListItem\",\"position\":1,\"name\":\"Portada\",\"item\":\"https:\/\/www.afrikaldia.com\/fr\/\"},{\"@type\":\"ListItem\",\"position\":2,\"name\":\"Politique des Cookies\"}]},{\"@type\":\"WebSite\",\"@id\":\"https:\/\/www.afrikaldia.com\/#website\",\"url\":\"https:\/\/www.afrikaldia.com\/\",\"name\":\"Afrikaldia \u2013 Festival Vasco de Cines Africanos\",\"description\":\"AFRIKALDIA es un festival internacional de cine de car\u00e1cter competitivo, dirigido a todos los p\u00fablicos.\",\"potentialAction\":[{\"@type\":\"SearchAction\",\"target\":{\"@type\":\"EntryPoint\",\"urlTemplate\":\"https:\/\/www.afrikaldia.com\/?s={search_term_string}\"},\"query-input\":{\"@type\":\"PropertyValueSpecification\",\"valueRequired\":true,\"valueName\":\"search_term_string\"}}],\"inLanguage\":\"fr-FR\"}]}<\/script>\n<!-- \/ Yoast SEO plugin. -->","yoast_head_json":{"title":"Politique des Cookies - Afrikaldia \u2013 Festival Vasco de Cines Africanos","robots":{"index":"index","follow":"follow","max-snippet":"max-snippet:-1","max-image-preview":"max-image-preview:large","max-video-preview":"max-video-preview:-1"},"canonical":"https:\/\/www.afrikaldia.com\/fr\/politique-des-cookies\/","og_locale":"fr_FR","og_type":"article","og_title":"Politique des Cookies - Afrikaldia \u2013 Festival Vasco de Cines Africanos","og_description":"Politique des Cookies INFORMATION RELATIVES AUX COOKIES Qu\u2019est-ce qu\u2019un cookie ? Un cookie est un petit fichier texte qu\u2019un site web enregistre sur l\u2019ordinateur ou le dispositif mobile de l\u2019Utilisateur, contenant des informations relatives \u00e0 sa navigation sur ce site. Les cookies permettent, entre autres, de stocker et de r\u00e9cup\u00e9rer des informations sur les habitudes [&hellip;]","og_url":"https:\/\/www.afrikaldia.com\/fr\/politique-des-cookies\/","og_site_name":"Afrikaldia \u2013 Festival Vasco de Cines Africanos","article_modified_time":"2025-10-27T13:27:14+00:00","twitter_card":"summary_large_image","twitter_misc":{"Dur\u00e9e de lecture estim\u00e9e":"2 minutes"},"schema":{"@context":"https:\/\/schema.org","@graph":[{"@type":"WebPage","@id":"https:\/\/www.afrikaldia.com\/fr\/politique-des-cookies\/","url":"https:\/\/www.afrikaldia.com\/fr\/politique-des-cookies\/","name":"Politique des Cookies - Afrikaldia \u2013 Festival Vasco de Cines Africanos","isPartOf":{"@id":"https:\/\/www.afrikaldia.com\/#website"},"datePublished":"2022-08-03T11:25:41+00:00","dateModified":"2025-10-27T13:27:14+00:00","breadcrumb":{"@id":"https:\/\/www.afrikaldia.com\/fr\/politique-des-cookies\/#breadcrumb"},"inLanguage":"fr-FR","potentialAction":[{"@type":"ReadAction","target":["https:\/\/www.afrikaldia.com\/fr\/politique-des-cookies\/"]}]},{"@type":"BreadcrumbList","@id":"https:\/\/www.afrikaldia.com\/fr\/politique-des-cookies\/#breadcrumb","itemListElement":[{"@type":"ListItem","position":1,"name":"Portada","item":"https:\/\/www.afrikaldia.com\/fr\/"},{"@type":"ListItem","position":2,"name":"Politique des Cookies"}]},{"@type":"WebSite","@id":"https:\/\/www.afrikaldia.com\/#website","url":"https:\/\/www.afrikaldia.com\/","name":"Afrikaldia \u2013 Festival Vasco de Cines Africanos","description":"AFRIKALDIA es un festival internacional de cine de car\u00e1cter competitivo, dirigido a todos los p\u00fablicos.","potentialAction":[{"@type":"SearchAction","target":{"@type":"EntryPoint","urlTemplate":"https:\/\/www.afrikaldia.com\/?s={search_term_string}"},"query-input":{"@type":"PropertyValueSpecification","valueRequired":true,"valueName":"search_term_string"}}],"inLanguage":"fr-FR"}]}},"_links":{"self":[{"href":"https:\/\/www.afrikaldia.com\/fr\/wp-json\/wp\/v2\/pages\/24766","targetHints":{"allow":["GET"]}}],"collection":[{"href":"https:\/\/www.afrikaldia.com\/fr\/wp-json\/wp\/v2\/pages"}],"about":[{"href":"https:\/\/www.afrikaldia.com\/fr\/wp-json\/wp\/v2\/types\/page"}],"author":[{"embeddable":true,"href":"https:\/\/www.afrikaldia.com\/fr\/wp-json\/wp\/v2\/users\/1"}],"replies":[{"embeddable":true,"href":"https:\/\/www.afrikaldia.com\/fr\/wp-json\/wp\/v2\/comments?post=24766"}],"version-history":[{"count":2,"href":"https:\/\/www.afrikaldia.com\/fr\/wp-json\/wp\/v2\/pages\/24766\/revisions"}],"predecessor-version":[{"id":24774,"href":"https:\/\/www.afrikaldia.com\/fr\/wp-json\/wp\/v2\/pages\/24766\/revisions\/24774"}],"wp:attachment":[{"href":"https:\/\/www.afrikaldia.com\/fr\/wp-json\/wp\/v2\/media?parent=24766"}],"curies":[{"name":"wp","href":"https:\/\/api.w.org\/{rel}","templated":true}]}}