{"id":24759,"date":"2022-08-03T11:24:37","date_gmt":"2022-08-03T11:24:37","guid":{"rendered":"https:\/\/www.afrikaldia.com\/politica-de-privacidad\/"},"modified":"2025-10-27T13:21:07","modified_gmt":"2025-10-27T13:21:07","slug":"politique-de-confidentialite","status":"publish","type":"page","link":"https:\/\/www.afrikaldia.com\/fr\/politique-de-confidentialite\/","title":{"rendered":"Politique de Confidentialit\u00e9"},"content":{"rendered":"<h1>Politique de Confidentialit\u00e9<\/h1>\n<p>Conform\u00e9ment \u00e0 la Loi Organique 15\/1999 du 13 d\u00e9cembre relative \u00e0 la Protection des Donn\u00e9es \u00e0 Caract\u00e8re Personnel, ainsi qu\u2019au R\u00e8glement (UE) 2016\/679 du Parlement Europ\u00e9en sur la protection des donn\u00e9es personnelles des personnes physiques (R\u00e8glement G\u00e9n\u00e9ral sur la Protection des Donn\u00e9es \u2013 RGPD), nous vous informons que les donn\u00e9es personnelles collect\u00e9es sur les sites web d\u2019Afrikaldia (AFK) seront int\u00e9gr\u00e9es dans des fichiers \u00e0 caract\u00e8re personnel dont la finalit\u00e9 est la gestion et le suivi de la relation entre AFK et ses clients ou utilisateurs.<\/p>\n<h3>RESPONSABLE DU TRAITEMENT DES DONN\u00c9ES<\/h3>\n<p>Le responsable du traitement des donn\u00e9es est le titulaire du site web, \u00e0 savoir l\u2019Asociaci\u00f3n Africanista Manuel Iradier, dont le si\u00e8ge est situ\u00e9 Pasaje de Eulogio Serd\u00e1n, 6 lonja, 01012, Vitoria-Gasteiz, Araba, ainsi que Kultura Bendera Elkartea, dont le si\u00e8ge se trouve Calle Senda de los Puertos 8, esc. izda. 7C, 01013, Vitoria-Gasteiz, Araba.<\/p>\n<p>Pour obtenir de plus amples informations sur le titulaire, veuillez vous adresser \u00e0 : direccion@afrikaldia.com<\/p>\n<h3>FINALIT\u00c9<\/h3>\n<p>AFK dispose d\u2019un fichier regroupant les donn\u00e9es issues des formulaires de contact et des commentaires publi\u00e9s sur le site web afrikaldia.com, destin\u00e9 \u00e0 r\u00e9pondre aux demandes de renseignements, questions ou suggestions des utilisateurs relatives aux articles publi\u00e9s ou \u00e0 l\u2019activit\u00e9 d\u2019afrikaldia.com et d\u2019AFK.<\/p>\n<p>Les donn\u00e9es transmises par l\u2019utilisateur sont conserv\u00e9es pendant une dur\u00e9e maximale correspondant \u00e0 la p\u00e9riode de publication de l\u2019article concern\u00e9.<\/p>\n<p>Si l\u2019utilisateur souscrit \u00e0 l\u2019un des services d\u2019AFK, ses donn\u00e9es seront conserv\u00e9es pendant toute la dur\u00e9e de la relation contractuelle.<\/p>\n<h3>TRAITEMENT<\/h3>\n<p>Les donn\u00e9es transmises par les utilisateurs via le formulaire de contact ne seront pas rendues publiques et seront conserv\u00e9es uniquement pour r\u00e9pondre \u00e0 leurs demandes ou les contacter \u00e0 propos de leur requ\u00eate. Ces donn\u00e9es ne seront en aucun cas c\u00e9d\u00e9es ni vendues \u00e0 des tiers \u00e0 des fins commerciales.<\/p>\n<p>Ces donn\u00e9es sont h\u00e9berg\u00e9es sur des serveurs situ\u00e9s au sein de l\u2019Union Europ\u00e9enne.<\/p>\n<h3>CESSIONS<\/h3>\n<p>AFK fait appel, dans certains cas, \u00e0 des prestataires externes pour l\u2019h\u00e9bergement de courriers \u00e9lectroniques, de serveurs web, de syst\u00e8mes d\u2019e-mail marketing, de sauvegardes, etc., lesquels peuvent avoir acc\u00e8s \u00e0 certaines donn\u00e9es personnelles. Ces prestataires adh\u00e8rent au Data Privacy Framework (DPF) entre les \u00c9tats-Unis et l\u2019Union Europ\u00e9enne et sont tenus de respecter des exigences \u00e9quivalentes \u00e0 celles en vigueur au sein de l\u2019Union Europ\u00e9enne. L\u2019acceptation de la pr\u00e9sente politique de confidentialit\u00e9 vaut autorisation de communication de ces donn\u00e9es auxdits prestataires.<\/p>\n<h3>DROITS<\/h3>\n<p>Les utilisateurs disposent du droit de demander la modification ou la suppression des donn\u00e9es enregistr\u00e9es par AFK.<\/p>\n<p>Veuillez vous adresser \u00e0 : direccion@afrikaldia.com pour obtenir de plus amples informations sur les donn\u00e9es g\u00e9r\u00e9es par AFK et exercer les droits mentionn\u00e9s ci-dessus.<\/p>\n<p>&nbsp;<\/p>\n","protected":false},"excerpt":{"rendered":"<p>Politique de Confidentialit\u00e9 Conform\u00e9ment \u00e0 la Loi Organique 15\/1999 du 13 d\u00e9cembre relative \u00e0 la Protection des Donn\u00e9es \u00e0 Caract\u00e8re Personnel, ainsi qu\u2019au R\u00e8glement (UE) 2016\/679 du Parlement Europ\u00e9en sur la protection des donn\u00e9es personnelles des personnes physiques (R\u00e8glement G\u00e9n\u00e9ral sur la Protection des Donn\u00e9es \u2013 RGPD), nous vous informons que les donn\u00e9es personnelles collect\u00e9es [&hellip;]<\/p>\n","protected":false},"author":1,"featured_media":0,"parent":0,"menu_order":0,"comment_status":"closed","ping_status":"open","template":"","meta":{"_monsterinsights_skip_tracking":false,"_monsterinsights_sitenote_active":false,"_monsterinsights_sitenote_note":"","_monsterinsights_sitenote_category":0,"footnotes":""},"class_list":["post-24759","page","type-page","status-publish","hentry"],"yoast_head":"<!-- This site is optimized with the Yoast SEO plugin v26.2 - https:\/\/yoast.com\/wordpress\/plugins\/seo\/ -->\n<title>Politique de Confidentialit\u00e9 - Afrikaldia \u2013 Festival Vasco de Cines Africanos<\/title>\n<meta name=\"robots\" content=\"index, follow, max-snippet:-1, max-image-preview:large, max-video-preview:-1\" \/>\n<link rel=\"canonical\" href=\"https:\/\/www.afrikaldia.com\/fr\/politique-de-confidentialite\/\" \/>\n<meta property=\"og:locale\" content=\"fr_FR\" \/>\n<meta property=\"og:type\" content=\"article\" \/>\n<meta property=\"og:title\" content=\"Politique de Confidentialit\u00e9 - Afrikaldia \u2013 Festival Vasco de Cines Africanos\" \/>\n<meta property=\"og:description\" content=\"Politique de Confidentialit\u00e9 Conform\u00e9ment \u00e0 la Loi Organique 15\/1999 du 13 d\u00e9cembre relative \u00e0 la Protection des Donn\u00e9es \u00e0 Caract\u00e8re Personnel, ainsi qu\u2019au R\u00e8glement (UE) 2016\/679 du Parlement Europ\u00e9en sur la protection des donn\u00e9es personnelles des personnes physiques (R\u00e8glement G\u00e9n\u00e9ral sur la Protection des Donn\u00e9es \u2013 RGPD), nous vous informons que les donn\u00e9es personnelles collect\u00e9es [&hellip;]\" \/>\n<meta property=\"og:url\" content=\"https:\/\/www.afrikaldia.com\/fr\/politique-de-confidentialite\/\" \/>\n<meta property=\"og:site_name\" content=\"Afrikaldia \u2013 Festival Vasco de Cines Africanos\" \/>\n<meta property=\"article:modified_time\" content=\"2025-10-27T13:21:07+00:00\" \/>\n<meta name=\"twitter:card\" content=\"summary_large_image\" \/>\n<meta name=\"twitter:label1\" content=\"Dur\u00e9e de lecture estim\u00e9e\" \/>\n\t<meta name=\"twitter:data1\" content=\"2 minutes\" \/>\n<script type=\"application\/ld+json\" class=\"yoast-schema-graph\">{\"@context\":\"https:\/\/schema.org\",\"@graph\":[{\"@type\":\"WebPage\",\"@id\":\"https:\/\/www.afrikaldia.com\/fr\/politique-de-confidentialite\/\",\"url\":\"https:\/\/www.afrikaldia.com\/fr\/politique-de-confidentialite\/\",\"name\":\"Politique de Confidentialit\u00e9 - Afrikaldia \u2013 Festival Vasco de Cines Africanos\",\"isPartOf\":{\"@id\":\"https:\/\/www.afrikaldia.com\/#website\"},\"datePublished\":\"2022-08-03T11:24:37+00:00\",\"dateModified\":\"2025-10-27T13:21:07+00:00\",\"breadcrumb\":{\"@id\":\"https:\/\/www.afrikaldia.com\/fr\/politique-de-confidentialite\/#breadcrumb\"},\"inLanguage\":\"fr-FR\",\"potentialAction\":[{\"@type\":\"ReadAction\",\"target\":[\"https:\/\/www.afrikaldia.com\/fr\/politique-de-confidentialite\/\"]}]},{\"@type\":\"BreadcrumbList\",\"@id\":\"https:\/\/www.afrikaldia.com\/fr\/politique-de-confidentialite\/#breadcrumb\",\"itemListElement\":[{\"@type\":\"ListItem\",\"position\":1,\"name\":\"Portada\",\"item\":\"https:\/\/www.afrikaldia.com\/fr\/\"},{\"@type\":\"ListItem\",\"position\":2,\"name\":\"Politique de Confidentialit\u00e9\"}]},{\"@type\":\"WebSite\",\"@id\":\"https:\/\/www.afrikaldia.com\/#website\",\"url\":\"https:\/\/www.afrikaldia.com\/\",\"name\":\"Afrikaldia \u2013 Festival Vasco de Cines Africanos\",\"description\":\"AFRIKALDIA es un festival internacional de cine de car\u00e1cter competitivo, dirigido a todos los p\u00fablicos.\",\"potentialAction\":[{\"@type\":\"SearchAction\",\"target\":{\"@type\":\"EntryPoint\",\"urlTemplate\":\"https:\/\/www.afrikaldia.com\/?s={search_term_string}\"},\"query-input\":{\"@type\":\"PropertyValueSpecification\",\"valueRequired\":true,\"valueName\":\"search_term_string\"}}],\"inLanguage\":\"fr-FR\"}]}<\/script>\n<!-- \/ Yoast SEO plugin. -->","yoast_head_json":{"title":"Politique de Confidentialit\u00e9 - Afrikaldia \u2013 Festival Vasco de Cines Africanos","robots":{"index":"index","follow":"follow","max-snippet":"max-snippet:-1","max-image-preview":"max-image-preview:large","max-video-preview":"max-video-preview:-1"},"canonical":"https:\/\/www.afrikaldia.com\/fr\/politique-de-confidentialite\/","og_locale":"fr_FR","og_type":"article","og_title":"Politique de Confidentialit\u00e9 - Afrikaldia \u2013 Festival Vasco de Cines Africanos","og_description":"Politique de Confidentialit\u00e9 Conform\u00e9ment \u00e0 la Loi Organique 15\/1999 du 13 d\u00e9cembre relative \u00e0 la Protection des Donn\u00e9es \u00e0 Caract\u00e8re Personnel, ainsi qu\u2019au R\u00e8glement (UE) 2016\/679 du Parlement Europ\u00e9en sur la protection des donn\u00e9es personnelles des personnes physiques (R\u00e8glement G\u00e9n\u00e9ral sur la Protection des Donn\u00e9es \u2013 RGPD), nous vous informons que les donn\u00e9es personnelles collect\u00e9es [&hellip;]","og_url":"https:\/\/www.afrikaldia.com\/fr\/politique-de-confidentialite\/","og_site_name":"Afrikaldia \u2013 Festival Vasco de Cines Africanos","article_modified_time":"2025-10-27T13:21:07+00:00","twitter_card":"summary_large_image","twitter_misc":{"Dur\u00e9e de lecture estim\u00e9e":"2 minutes"},"schema":{"@context":"https:\/\/schema.org","@graph":[{"@type":"WebPage","@id":"https:\/\/www.afrikaldia.com\/fr\/politique-de-confidentialite\/","url":"https:\/\/www.afrikaldia.com\/fr\/politique-de-confidentialite\/","name":"Politique de Confidentialit\u00e9 - Afrikaldia \u2013 Festival Vasco de Cines Africanos","isPartOf":{"@id":"https:\/\/www.afrikaldia.com\/#website"},"datePublished":"2022-08-03T11:24:37+00:00","dateModified":"2025-10-27T13:21:07+00:00","breadcrumb":{"@id":"https:\/\/www.afrikaldia.com\/fr\/politique-de-confidentialite\/#breadcrumb"},"inLanguage":"fr-FR","potentialAction":[{"@type":"ReadAction","target":["https:\/\/www.afrikaldia.com\/fr\/politique-de-confidentialite\/"]}]},{"@type":"BreadcrumbList","@id":"https:\/\/www.afrikaldia.com\/fr\/politique-de-confidentialite\/#breadcrumb","itemListElement":[{"@type":"ListItem","position":1,"name":"Portada","item":"https:\/\/www.afrikaldia.com\/fr\/"},{"@type":"ListItem","position":2,"name":"Politique de Confidentialit\u00e9"}]},{"@type":"WebSite","@id":"https:\/\/www.afrikaldia.com\/#website","url":"https:\/\/www.afrikaldia.com\/","name":"Afrikaldia \u2013 Festival Vasco de Cines Africanos","description":"AFRIKALDIA es un festival internacional de cine de car\u00e1cter competitivo, dirigido a todos los p\u00fablicos.","potentialAction":[{"@type":"SearchAction","target":{"@type":"EntryPoint","urlTemplate":"https:\/\/www.afrikaldia.com\/?s={search_term_string}"},"query-input":{"@type":"PropertyValueSpecification","valueRequired":true,"valueName":"search_term_string"}}],"inLanguage":"fr-FR"}]}},"_links":{"self":[{"href":"https:\/\/www.afrikaldia.com\/fr\/wp-json\/wp\/v2\/pages\/24759","targetHints":{"allow":["GET"]}}],"collection":[{"href":"https:\/\/www.afrikaldia.com\/fr\/wp-json\/wp\/v2\/pages"}],"about":[{"href":"https:\/\/www.afrikaldia.com\/fr\/wp-json\/wp\/v2\/types\/page"}],"author":[{"embeddable":true,"href":"https:\/\/www.afrikaldia.com\/fr\/wp-json\/wp\/v2\/users\/1"}],"replies":[{"embeddable":true,"href":"https:\/\/www.afrikaldia.com\/fr\/wp-json\/wp\/v2\/comments?post=24759"}],"version-history":[{"count":2,"href":"https:\/\/www.afrikaldia.com\/fr\/wp-json\/wp\/v2\/pages\/24759\/revisions"}],"predecessor-version":[{"id":24768,"href":"https:\/\/www.afrikaldia.com\/fr\/wp-json\/wp\/v2\/pages\/24759\/revisions\/24768"}],"wp:attachment":[{"href":"https:\/\/www.afrikaldia.com\/fr\/wp-json\/wp\/v2\/media?parent=24759"}],"curies":[{"name":"wp","href":"https:\/\/api.w.org\/{rel}","templated":true}]}}