{"id":22288,"date":"2022-09-29T11:46:59","date_gmt":"2022-09-29T11:46:59","guid":{"rendered":"https:\/\/www.afrikaldia.com\/actividades-paralelas\/"},"modified":"2025-10-27T10:30:05","modified_gmt":"2025-10-27T10:30:05","slug":"actividades-paralelas","status":"publish","type":"page","link":"https:\/\/www.afrikaldia.com\/fr\/actividades-paralelas\/","title":{"rendered":"SECTION  PARALL\u00c8LE"},"content":{"rendered":"\t\t<div data-elementor-type=\"wp-page\" data-elementor-id=\"22288\" class=\"elementor elementor-22288 elementor-12988\">\n\t\t\t\t\t\t<section class=\"elementor-section elementor-top-section elementor-element elementor-element-62ec5e5d elementor-section-full_width elementor-section-height-default elementor-section-height-default qodef-elementor-content-no\" data-id=\"62ec5e5d\" data-element_type=\"section\">\n\t\t\t\t\t\t<div class=\"elementor-container elementor-column-gap-default\">\n\t\t\t\t\t<div class=\"elementor-column elementor-col-100 elementor-top-column elementor-element elementor-element-e97535\" data-id=\"e97535\" data-element_type=\"column\" data-settings=\"{&quot;background_background&quot;:&quot;classic&quot;}\">\n\t\t\t<div class=\"elementor-widget-wrap elementor-element-populated\">\n\t\t\t\t\t\t<section class=\"elementor-section elementor-inner-section elementor-element elementor-element-53eedd0c elementor-section-full_width qodef-elementor-content-grid elementor-section-height-default elementor-section-height-default\" data-id=\"53eedd0c\" data-element_type=\"section\">\n\t\t\t\t\t\t<div class=\"elementor-container elementor-column-gap-default\">\n\t\t\t\t\t<div class=\"elementor-column elementor-col-50 elementor-inner-column elementor-element elementor-element-3b1d630e\" data-id=\"3b1d630e\" data-element_type=\"column\">\n\t\t\t<div class=\"elementor-widget-wrap elementor-element-populated\">\n\t\t\t\t\t\t<div class=\"elementor-element elementor-element-15f55e0 elementor-widget elementor-widget-coppola_core_section_title\" data-id=\"15f55e0\" data-element_type=\"widget\" data-widget_type=\"coppola_core_section_title.default\">\n\t\t\t\t<div class=\"elementor-widget-container\">\n\t\t\t\t\t<div class=\"qodef-shortcode qodef-m  qodef-section-title qodef-alignment--left \">\n\t\t<p class=\"qodef-m-subtitle\" style=\"color: #FFFFFF\">AFK 2025<\/p>\n\t\t<h1 class=\"qodef-m-title\" style=\"color: #FFFFFF\">\n\t\t\t\t\tSECTION  PARALL\u00c8LE<br \/>\t\t\t<\/h1>\n\t\t\t<p class=\"qodef-m-button\" style=\"margin-top: 10px\">\n\t\t<a class=\"qodef-shortcode qodef-m  qodef-button qodef-layout--textual  qodef-skin--dark qodef-html--link\" href=\"\/fr\/programa\/#paralela\" target=\"_self\"  style=\"color: #FFFFFF\">\t<span class=\"qodef-m-text\">VOIR PROGRAMME<svg class=\"qodef-svg--button-arrow\" xmlns=\"http:\/\/www.w3.org\/2000\/svg\" width=\"12.0148\" height=\"12.0143\"     viewBox=\"0 0 12.0148 12.0143\"><g><line x1=\"0.7071\" y1=\"11.3071\" x2=\"10.6066\" y2=\"1.4077\"\/><polyline points=\"1.015 1 11.015 1 11.015 11\"\/><\/g><g><line x1=\"0.7071\" y1=\"11.3071\" x2=\"10.6066\" y2=\"1.4077\"\/><polyline points=\"1.015 1 11.015 1 11.015 11\"\/><\/g><\/svg><\/span><\/a>\t<\/p>\n<\/div>\n\t\t\t\t<\/div>\n\t\t\t\t<\/div>\n\t\t\t\t\t<\/div>\n\t\t<\/div>\n\t\t\t\t<div class=\"elementor-column elementor-col-50 elementor-inner-column elementor-element elementor-element-10bd3fcb\" data-id=\"10bd3fcb\" data-element_type=\"column\">\n\t\t\t<div class=\"elementor-widget-wrap\">\n\t\t\t\t\t\t\t<\/div>\n\t\t<\/div>\n\t\t\t\t\t<\/div>\n\t\t<\/section>\n\t\t\t\t\t<\/div>\n\t\t<\/div>\n\t\t\t\t\t<\/div>\n\t\t<\/section>\n\t\t\t\t<section class=\"elementor-section elementor-top-section elementor-element elementor-element-3896a96e elementor-section-boxed elementor-section-height-default elementor-section-height-default qodef-elementor-content-no\" data-id=\"3896a96e\" data-element_type=\"section\">\n\t\t\t\t\t\t<div class=\"elementor-container elementor-column-gap-no\">\n\t\t\t\t\t<div class=\"elementor-column elementor-col-100 elementor-top-column elementor-element elementor-element-494fb381\" data-id=\"494fb381\" data-element_type=\"column\">\n\t\t\t<div class=\"elementor-widget-wrap elementor-element-populated\">\n\t\t\t\t\t\t<div class=\"elementor-element elementor-element-84d711b elementor-widget elementor-widget-qi_addons_for_elementor_section_title\" data-id=\"84d711b\" data-element_type=\"widget\" data-widget_type=\"qi_addons_for_elementor_section_title.default\">\n\t\t\t\t<div class=\"elementor-widget-container\">\n\t\t\t\t\t<div class=\"qodef-shortcode qodef-m qodef-qi-section-title qodef-decoration--italic qodef-link--underline-draw qodef-subtitle-icon--left\">\n\t\t\t\t\t\t<h2 class=\"qodef-m-title\">\n\t\tSECTION PARALL\u00c8LE \u00c0 L\u00b4UNIVERSIT\u00c9\t<\/h2>\n\t\t\t<div class=\"qodef-m-text\"><h5>CICLE DE PROJECTIONS CIN\u00c9MATOGRAPHIQUES ACCOMPAGN\u00c9 DE D\u00c9BAT<\/h5><p><strong>LIEU<\/strong>: CAMPUS DE L\u00b4UNIVERSIT\u00c9 DU PAYS BASQUE UPV\/EHU DE LA PROVINCE DE \u00c1LAVA.<\/p><\/div>\n\t<\/div>\n\t\t\t\t<\/div>\n\t\t\t\t<\/div>\n\t\t\t\t<div class=\"elementor-element elementor-element-45d30fbc e-transform elementor-widget elementor-widget-coppola_core_portfolio_list\" data-id=\"45d30fbc\" data-element_type=\"widget\" data-settings=\"{&quot;_transform_translateX_effect_hover&quot;:{&quot;unit&quot;:&quot;px&quot;,&quot;size&quot;:&quot;&quot;,&quot;sizes&quot;:[]},&quot;_transform_translateX_effect_hover_tablet&quot;:{&quot;unit&quot;:&quot;px&quot;,&quot;size&quot;:&quot;&quot;,&quot;sizes&quot;:[]},&quot;_transform_translateX_effect_hover_mobile&quot;:{&quot;unit&quot;:&quot;px&quot;,&quot;size&quot;:&quot;&quot;,&quot;sizes&quot;:[]},&quot;_transform_translateY_effect_hover&quot;:{&quot;unit&quot;:&quot;px&quot;,&quot;size&quot;:&quot;&quot;,&quot;sizes&quot;:[]},&quot;_transform_translateY_effect_hover_tablet&quot;:{&quot;unit&quot;:&quot;px&quot;,&quot;size&quot;:&quot;&quot;,&quot;sizes&quot;:[]},&quot;_transform_translateY_effect_hover_mobile&quot;:{&quot;unit&quot;:&quot;px&quot;,&quot;size&quot;:&quot;&quot;,&quot;sizes&quot;:[]}}\" data-widget_type=\"coppola_core_portfolio_list.default\">\n\t\t\t\t<div class=\"elementor-widget-container\">\n\t\t\t\t\t<div class=\"qodef-shortcode qodef-m  qodef-portfolio-list qodef-item-layout--info-on-image    qodef--gradient-enabled  qodef--image-shadow-enabled qodef--noise-hover   qodef-grid qodef-layout--columns   qodef-gutter--normal qodef-col-num--1 qodef-item-layout--info-on-image qodef--no-bottom-space qodef-pagination--off qodef-responsive--custom qodef-col-num--1440--1 qodef-col-num--1366--1 qodef-col-num--1024--1 qodef-col-num--768--1 qodef-col-num--680--1 qodef-col-num--480--1\" data-options=\"{&quot;plugin&quot;:&quot;coppola_core&quot;,&quot;module&quot;:&quot;post-types\\\/portfolio\\\/shortcodes&quot;,&quot;shortcode&quot;:&quot;portfolio-list&quot;,&quot;post_type&quot;:&quot;portfolio-item&quot;,&quot;next_page&quot;:&quot;2&quot;,&quot;max_pages_num&quot;:1,&quot;behavior&quot;:&quot;columns&quot;,&quot;images_proportion&quot;:&quot;full&quot;,&quot;columns&quot;:&quot;1&quot;,&quot;columns_responsive&quot;:&quot;custom&quot;,&quot;columns_1440&quot;:&quot;1&quot;,&quot;columns_1366&quot;:&quot;1&quot;,&quot;columns_1024&quot;:&quot;1&quot;,&quot;columns_768&quot;:&quot;1&quot;,&quot;columns_680&quot;:&quot;1&quot;,&quot;columns_480&quot;:&quot;1&quot;,&quot;space&quot;:&quot;normal&quot;,&quot;enable_image_shadow&quot;:&quot;yes&quot;,&quot;enable_noise&quot;:&quot;yes&quot;,&quot;enable_reveal&quot;:&quot;no&quot;,&quot;posts_per_page&quot;:&quot;12&quot;,&quot;orderby&quot;:&quot;name&quot;,&quot;order&quot;:&quot;ASC&quot;,&quot;additional_params&quot;:&quot;tax&quot;,&quot;tax&quot;:&quot;portfolio-category&quot;,&quot;tax_slug&quot;:&quot;actividades-paralelas-2025&quot;,&quot;layout&quot;:&quot;info-on-image&quot;,&quot;hover_animation_info-below&quot;:&quot;overlay&quot;,&quot;hover_animation_info-follow&quot;:&quot;follow&quot;,&quot;hover_animation_info-on-hover&quot;:&quot;fade-in&quot;,&quot;title_tag&quot;:&quot;h6&quot;,&quot;text_transform&quot;:&quot;uppercase&quot;,&quot;hide_category&quot;:&quot;yes&quot;,&quot;hide_info&quot;:&quot;no&quot;,&quot;hide_awards&quot;:&quot;no&quot;,&quot;custom_margin&quot;:&quot;no&quot;,&quot;enable_gradient&quot;:&quot;yes&quot;,&quot;is_related&quot;:&quot;false&quot;,&quot;enable_filter&quot;:&quot;no&quot;,&quot;pagination_type&quot;:&quot;no-pagination&quot;,&quot;object_class_name&quot;:&quot;CoppolaCore_Portfolio_List_Shortcode&quot;,&quot;taxonomy_filter&quot;:&quot;portfolio-category&quot;,&quot;additional_query_args&quot;:{&quot;tax_query&quot;:[{&quot;taxonomy&quot;:&quot;portfolio-category&quot;,&quot;field&quot;:&quot;slug&quot;,&quot;terms&quot;:&quot;actividades-paralelas-2025&quot;}]},&quot;space_value&quot;:15}\">\n\t\t<div class=\"qodef-grid-inner clear\">\n\t\t<article class=\"qodef-e qodef-grid-item qodef-item--full post-24646 portfolio-item type-portfolio-item status-publish has-post-thumbnail hentry portfolio-category-actividades-paralelas-2025 portfolio-tag-ficcion\">\n\t<div class=\"qodef-e-inner\" >\n\t\t\t<div class=\"qodef-e-media-image \">\n\t\t\t\t\t\t\t<a itemprop=\"url\" href=\"https:\/\/www.afrikaldia.com\/fr\/portfolio-item\/les-enfants-de-la-diaspora\/\" target=\"_self\">\n\t\t\t\t<img fetchpriority=\"high\" decoding=\"async\" width=\"1280\" height=\"720\" src=\"https:\/\/www.afrikaldia.com\/wp-content\/uploads\/2025\/10\/Les-Enfants-de-la-Diaspora-3.jpg\" class=\"attachment-full size-full wp-post-image\" alt=\"\" srcset=\"https:\/\/www.afrikaldia.com\/wp-content\/uploads\/2025\/10\/Les-Enfants-de-la-Diaspora-3.jpg 1280w, https:\/\/www.afrikaldia.com\/wp-content\/uploads\/2025\/10\/Les-Enfants-de-la-Diaspora-3-300x169.jpg 300w, https:\/\/www.afrikaldia.com\/wp-content\/uploads\/2025\/10\/Les-Enfants-de-la-Diaspora-3-1024x576.jpg 1024w, https:\/\/www.afrikaldia.com\/wp-content\/uploads\/2025\/10\/Les-Enfants-de-la-Diaspora-3-768x432.jpg 768w\" sizes=\"(max-width: 1280px) 100vw, 1280px\" \/>\t\t\t<\/a>\n\t\t\t<\/div>\n\t\t<div class=\"qodef-e-top-holder\">\n\t\t\t<div class=\"qodef-e-info\">\n\t\t\t\t\t\t\t<\/div>\n\t\t<\/div>\n\t\t<div class=\"qodef-e-content\">\n\t\t\t<div class=\"qodef-e-text\">\n\t\t\t\t<h6 itemprop=\"name\" class=\"qodef-e-title entry-title\" style=\"text-transform: uppercase\">\n\t<a itemprop=\"url\" class=\"qodef-e-title-link\" href=\"https:\/\/www.afrikaldia.com\/fr\/portfolio-item\/les-enfants-de-la-diaspora\/\" target=\"_self\">\n\t\tLes Enfants De La Diaspora\t<\/a>\n<\/h6>\n\t\t\t<\/div>\n\t\t\t\t\t\t\t<div class=\"qodef-e-bottom-holder\">\n\t\t\t\t\t<div class=\"qodef-e-info\">\n\t\t\t\t\t\t\t\t\t\t\t<\/div>\n\t\t\t\t\t\t<div class=\"qodef-e-awards\">\n\t\tSabrina Onana\t<\/div>\n\t\t\t\t<\/div>\n\t\t\t\t\t<\/div>\n\t\t<a itemprop=\"url\" class=\"qodef-e-post-link\" href=\"https:\/\/www.afrikaldia.com\/fr\/portfolio-item\/les-enfants-de-la-diaspora\/\" target=\"_self\"><\/a>\n\t<\/div>\n<\/article>\n\t<\/div>\n\t<\/div>\n\t\t\t\t<\/div>\n\t\t\t\t<\/div>\n\t\t\t\t\t<\/div>\n\t\t<\/div>\n\t\t\t\t\t<\/div>\n\t\t<\/section>\n\t\t\t\t<section class=\"elementor-section elementor-top-section elementor-element elementor-element-9cae4d3 elementor-section-full_width elementor-hidden-desktop elementor-hidden-tablet elementor-hidden-mobile elementor-section-height-default elementor-section-height-default qodef-elementor-content-no\" data-id=\"9cae4d3\" data-element_type=\"section\" data-settings=\"{&quot;background_background&quot;:&quot;classic&quot;}\">\n\t\t\t\t\t\t<div class=\"elementor-container elementor-column-gap-no\">\n\t\t\t\t\t<div class=\"elementor-column elementor-col-100 elementor-top-column elementor-element elementor-element-43b340f\" data-id=\"43b340f\" data-element_type=\"column\">\n\t\t\t<div class=\"elementor-widget-wrap elementor-element-populated\">\n\t\t\t\t\t\t<div class=\"elementor-element elementor-element-426a1d1 elementor-widget elementor-widget-qi_addons_for_elementor_section_title\" data-id=\"426a1d1\" data-element_type=\"widget\" data-widget_type=\"qi_addons_for_elementor_section_title.default\">\n\t\t\t\t<div class=\"elementor-widget-container\">\n\t\t\t\t\t<div class=\"qodef-shortcode qodef-m qodef-qi-section-title qodef-decoration--italic qodef-link--underline-draw qodef-subtitle-icon--left\">\n\t\t\t\t<h5 class=\"qodef-m-subtitle\">\n\t\t5-8 Novembre\t\t\t<\/h5>\n\t\t\t<h2 class=\"qodef-m-title\">\n\t\tSECTION INDUSTRIE\t<\/h2>\n\t\t\t<div class=\"qodef-m-text\"><h5>LIEU DE RENCONTRE DES PROFESIONNELS<\/h5><p><strong>LIEU<\/strong>: Simone de Beauvoir, salle 1<\/p><\/div>\n\t<\/div>\n\t\t\t\t<\/div>\n\t\t\t\t<\/div>\n\t\t\t\t\t<\/div>\n\t\t<\/div>\n\t\t\t\t\t<\/div>\n\t\t<\/section>\n\t\t\t\t<section class=\"elementor-section elementor-top-section elementor-element elementor-element-8765310 elementor-section-full_width elementor-hidden-desktop elementor-hidden-tablet elementor-hidden-mobile elementor-section-height-default elementor-section-height-default qodef-elementor-content-no\" data-id=\"8765310\" data-element_type=\"section\">\n\t\t\t\t\t\t<div class=\"elementor-container elementor-column-gap-no\">\n\t\t\t\t\t<div class=\"elementor-column elementor-col-100 elementor-top-column elementor-element elementor-element-3dcde27\" data-id=\"3dcde27\" data-element_type=\"column\">\n\t\t\t<div class=\"elementor-widget-wrap elementor-element-populated\">\n\t\t\t\t\t\t<div class=\"elementor-element elementor-element-d04e54e elementor-widget elementor-widget-qi_addons_for_elementor_section_title\" data-id=\"d04e54e\" data-element_type=\"widget\" data-widget_type=\"qi_addons_for_elementor_section_title.default\">\n\t\t\t\t<div class=\"elementor-widget-container\">\n\t\t\t\t\t<div class=\"qodef-shortcode qodef-m qodef-qi-section-title qodef-decoration--italic qodef-link--underline-draw qodef-subtitle-icon--left\">\n\t\t\t\t<h5 class=\"qodef-m-subtitle\">\n\t\t6 Novembre\t\t\t<\/h5>\n\t\t\t<h2 class=\"qodef-m-title\">\n\t\tPROGRAMMES D\u00b4\u00c9DUCATION DE LA RUE (PEC) \t<\/h2>\n\t\t\t<div class=\"qodef-m-text\"><h5>ATELIERS ARTISTIQUES DE COLLAGE<\/h5><p><strong>LIEU<\/strong>: C\u00e1ritas - Vieille ville<\/p><p>CES PROGRAMMES SONT DESTINES PRINCIPALEMENT AUX ADOLESCENTS DE 12 A 17 ANS.<\/p><\/div>\n\t<\/div>\n\t\t\t\t<\/div>\n\t\t\t\t<\/div>\n\t\t\t\t\t<\/div>\n\t\t<\/div>\n\t\t\t\t\t<\/div>\n\t\t<\/section>\n\t\t\t\t<\/div>\n\t\t","protected":false},"excerpt":{"rendered":"<p>AFK 2025 SECTION PARALL\u00c8LE VOIR PROGRAMME SECTION PARALL\u00c8LE \u00c0 L\u00b4UNIVERSIT\u00c9 CICLE DE PROJECTIONS CIN\u00c9MATOGRAPHIQUES ACCOMPAGN\u00c9 DE D\u00c9BAT LIEU: CAMPUS DE L\u00b4UNIVERSIT\u00c9 DU PAYS BASQUE UPV\/EHU DE LA PROVINCE DE \u00c1LAVA. Les Enfants De La Diaspora Sabrina Onana 5-8 Novembre SECTION INDUSTRIE LIEU DE RENCONTRE DES PROFESIONNELS LIEU: Simone de Beauvoir, salle 1 6 Novembre PROGRAMMES [&hellip;]<\/p>\n","protected":false},"author":1,"featured_media":21686,"parent":0,"menu_order":0,"comment_status":"closed","ping_status":"open","template":"page-full-width.php","meta":{"_monsterinsights_skip_tracking":false,"_monsterinsights_sitenote_active":false,"_monsterinsights_sitenote_note":"","_monsterinsights_sitenote_category":0,"footnotes":""},"class_list":["post-22288","page","type-page","status-publish","has-post-thumbnail","hentry"],"yoast_head":"<!-- This site is optimized with the Yoast SEO plugin v26.2 - https:\/\/yoast.com\/wordpress\/plugins\/seo\/ -->\n<title>SECTION PARALL\u00c8LE - Afrikaldia \u2013 Festival Vasco de Cines Africanos<\/title>\n<meta name=\"robots\" content=\"index, follow, max-snippet:-1, max-image-preview:large, max-video-preview:-1\" \/>\n<link rel=\"canonical\" href=\"https:\/\/www.afrikaldia.com\/fr\/actividades-paralelas\/\" \/>\n<meta property=\"og:locale\" content=\"fr_FR\" \/>\n<meta property=\"og:type\" content=\"article\" \/>\n<meta property=\"og:title\" content=\"SECTION PARALL\u00c8LE - Afrikaldia \u2013 Festival Vasco de Cines Africanos\" \/>\n<meta property=\"og:description\" content=\"AFK 2025 SECTION PARALL\u00c8LE VOIR PROGRAMME SECTION PARALL\u00c8LE \u00c0 L\u00b4UNIVERSIT\u00c9 CICLE DE PROJECTIONS CIN\u00c9MATOGRAPHIQUES ACCOMPAGN\u00c9 DE D\u00c9BAT LIEU: CAMPUS DE L\u00b4UNIVERSIT\u00c9 DU PAYS BASQUE UPV\/EHU DE LA PROVINCE DE \u00c1LAVA. Les Enfants De La Diaspora Sabrina Onana 5-8 Novembre SECTION INDUSTRIE LIEU DE RENCONTRE DES PROFESIONNELS LIEU: Simone de Beauvoir, salle 1 6 Novembre PROGRAMMES [&hellip;]\" \/>\n<meta property=\"og:url\" content=\"https:\/\/www.afrikaldia.com\/fr\/actividades-paralelas\/\" \/>\n<meta property=\"og:site_name\" content=\"Afrikaldia \u2013 Festival Vasco de Cines Africanos\" \/>\n<meta property=\"article:modified_time\" content=\"2025-10-27T10:30:05+00:00\" \/>\n<meta property=\"og:image\" content=\"https:\/\/www.afrikaldia.com\/wp-content\/uploads\/2024\/10\/banner-afk-2024_1920x1080px-scaled-1.jpg\" \/>\n\t<meta property=\"og:image:width\" content=\"2560\" \/>\n\t<meta property=\"og:image:height\" content=\"1440\" \/>\n\t<meta property=\"og:image:type\" content=\"image\/jpeg\" \/>\n<meta name=\"twitter:card\" content=\"summary_large_image\" \/>\n<meta name=\"twitter:label1\" content=\"Dur\u00e9e de lecture estim\u00e9e\" \/>\n\t<meta name=\"twitter:data1\" content=\"1 minute\" \/>\n<script type=\"application\/ld+json\" class=\"yoast-schema-graph\">{\"@context\":\"https:\/\/schema.org\",\"@graph\":[{\"@type\":\"WebPage\",\"@id\":\"https:\/\/www.afrikaldia.com\/fr\/actividades-paralelas\/\",\"url\":\"https:\/\/www.afrikaldia.com\/fr\/actividades-paralelas\/\",\"name\":\"SECTION PARALL\u00c8LE - Afrikaldia \u2013 Festival Vasco de Cines Africanos\",\"isPartOf\":{\"@id\":\"https:\/\/www.afrikaldia.com\/#website\"},\"primaryImageOfPage\":{\"@id\":\"https:\/\/www.afrikaldia.com\/fr\/actividades-paralelas\/#primaryimage\"},\"image\":{\"@id\":\"https:\/\/www.afrikaldia.com\/fr\/actividades-paralelas\/#primaryimage\"},\"thumbnailUrl\":\"https:\/\/www.afrikaldia.com\/wp-content\/uploads\/2024\/10\/banner-afk-2024_1920x1080px-scaled-1.jpg\",\"datePublished\":\"2022-09-29T11:46:59+00:00\",\"dateModified\":\"2025-10-27T10:30:05+00:00\",\"breadcrumb\":{\"@id\":\"https:\/\/www.afrikaldia.com\/fr\/actividades-paralelas\/#breadcrumb\"},\"inLanguage\":\"fr-FR\",\"potentialAction\":[{\"@type\":\"ReadAction\",\"target\":[\"https:\/\/www.afrikaldia.com\/fr\/actividades-paralelas\/\"]}]},{\"@type\":\"ImageObject\",\"inLanguage\":\"fr-FR\",\"@id\":\"https:\/\/www.afrikaldia.com\/fr\/actividades-paralelas\/#primaryimage\",\"url\":\"https:\/\/www.afrikaldia.com\/wp-content\/uploads\/2024\/10\/banner-afk-2024_1920x1080px-scaled-1.jpg\",\"contentUrl\":\"https:\/\/www.afrikaldia.com\/wp-content\/uploads\/2024\/10\/banner-afk-2024_1920x1080px-scaled-1.jpg\",\"width\":2560,\"height\":1440},{\"@type\":\"BreadcrumbList\",\"@id\":\"https:\/\/www.afrikaldia.com\/fr\/actividades-paralelas\/#breadcrumb\",\"itemListElement\":[{\"@type\":\"ListItem\",\"position\":1,\"name\":\"Portada\",\"item\":\"https:\/\/www.afrikaldia.com\/fr\/\"},{\"@type\":\"ListItem\",\"position\":2,\"name\":\"SECTION PARALL\u00c8LE\"}]},{\"@type\":\"WebSite\",\"@id\":\"https:\/\/www.afrikaldia.com\/#website\",\"url\":\"https:\/\/www.afrikaldia.com\/\",\"name\":\"Afrikaldia \u2013 Festival Vasco de Cines Africanos\",\"description\":\"AFRIKALDIA es un festival internacional de cine de car\u00e1cter competitivo, dirigido a todos los p\u00fablicos.\",\"potentialAction\":[{\"@type\":\"SearchAction\",\"target\":{\"@type\":\"EntryPoint\",\"urlTemplate\":\"https:\/\/www.afrikaldia.com\/?s={search_term_string}\"},\"query-input\":{\"@type\":\"PropertyValueSpecification\",\"valueRequired\":true,\"valueName\":\"search_term_string\"}}],\"inLanguage\":\"fr-FR\"}]}<\/script>\n<!-- \/ Yoast SEO plugin. -->","yoast_head_json":{"title":"SECTION PARALL\u00c8LE - Afrikaldia \u2013 Festival Vasco de Cines Africanos","robots":{"index":"index","follow":"follow","max-snippet":"max-snippet:-1","max-image-preview":"max-image-preview:large","max-video-preview":"max-video-preview:-1"},"canonical":"https:\/\/www.afrikaldia.com\/fr\/actividades-paralelas\/","og_locale":"fr_FR","og_type":"article","og_title":"SECTION PARALL\u00c8LE - Afrikaldia \u2013 Festival Vasco de Cines Africanos","og_description":"AFK 2025 SECTION PARALL\u00c8LE VOIR PROGRAMME SECTION PARALL\u00c8LE \u00c0 L\u00b4UNIVERSIT\u00c9 CICLE DE PROJECTIONS CIN\u00c9MATOGRAPHIQUES ACCOMPAGN\u00c9 DE D\u00c9BAT LIEU: CAMPUS DE L\u00b4UNIVERSIT\u00c9 DU PAYS BASQUE UPV\/EHU DE LA PROVINCE DE \u00c1LAVA. Les Enfants De La Diaspora Sabrina Onana 5-8 Novembre SECTION INDUSTRIE LIEU DE RENCONTRE DES PROFESIONNELS LIEU: Simone de Beauvoir, salle 1 6 Novembre PROGRAMMES [&hellip;]","og_url":"https:\/\/www.afrikaldia.com\/fr\/actividades-paralelas\/","og_site_name":"Afrikaldia \u2013 Festival Vasco de Cines Africanos","article_modified_time":"2025-10-27T10:30:05+00:00","og_image":[{"width":2560,"height":1440,"url":"https:\/\/www.afrikaldia.com\/wp-content\/uploads\/2024\/10\/banner-afk-2024_1920x1080px-scaled-1.jpg","type":"image\/jpeg"}],"twitter_card":"summary_large_image","twitter_misc":{"Dur\u00e9e de lecture estim\u00e9e":"1 minute"},"schema":{"@context":"https:\/\/schema.org","@graph":[{"@type":"WebPage","@id":"https:\/\/www.afrikaldia.com\/fr\/actividades-paralelas\/","url":"https:\/\/www.afrikaldia.com\/fr\/actividades-paralelas\/","name":"SECTION PARALL\u00c8LE - Afrikaldia \u2013 Festival Vasco de Cines Africanos","isPartOf":{"@id":"https:\/\/www.afrikaldia.com\/#website"},"primaryImageOfPage":{"@id":"https:\/\/www.afrikaldia.com\/fr\/actividades-paralelas\/#primaryimage"},"image":{"@id":"https:\/\/www.afrikaldia.com\/fr\/actividades-paralelas\/#primaryimage"},"thumbnailUrl":"https:\/\/www.afrikaldia.com\/wp-content\/uploads\/2024\/10\/banner-afk-2024_1920x1080px-scaled-1.jpg","datePublished":"2022-09-29T11:46:59+00:00","dateModified":"2025-10-27T10:30:05+00:00","breadcrumb":{"@id":"https:\/\/www.afrikaldia.com\/fr\/actividades-paralelas\/#breadcrumb"},"inLanguage":"fr-FR","potentialAction":[{"@type":"ReadAction","target":["https:\/\/www.afrikaldia.com\/fr\/actividades-paralelas\/"]}]},{"@type":"ImageObject","inLanguage":"fr-FR","@id":"https:\/\/www.afrikaldia.com\/fr\/actividades-paralelas\/#primaryimage","url":"https:\/\/www.afrikaldia.com\/wp-content\/uploads\/2024\/10\/banner-afk-2024_1920x1080px-scaled-1.jpg","contentUrl":"https:\/\/www.afrikaldia.com\/wp-content\/uploads\/2024\/10\/banner-afk-2024_1920x1080px-scaled-1.jpg","width":2560,"height":1440},{"@type":"BreadcrumbList","@id":"https:\/\/www.afrikaldia.com\/fr\/actividades-paralelas\/#breadcrumb","itemListElement":[{"@type":"ListItem","position":1,"name":"Portada","item":"https:\/\/www.afrikaldia.com\/fr\/"},{"@type":"ListItem","position":2,"name":"SECTION PARALL\u00c8LE"}]},{"@type":"WebSite","@id":"https:\/\/www.afrikaldia.com\/#website","url":"https:\/\/www.afrikaldia.com\/","name":"Afrikaldia \u2013 Festival Vasco de Cines Africanos","description":"AFRIKALDIA es un festival internacional de cine de car\u00e1cter competitivo, dirigido a todos los p\u00fablicos.","potentialAction":[{"@type":"SearchAction","target":{"@type":"EntryPoint","urlTemplate":"https:\/\/www.afrikaldia.com\/?s={search_term_string}"},"query-input":{"@type":"PropertyValueSpecification","valueRequired":true,"valueName":"search_term_string"}}],"inLanguage":"fr-FR"}]}},"_links":{"self":[{"href":"https:\/\/www.afrikaldia.com\/fr\/wp-json\/wp\/v2\/pages\/22288","targetHints":{"allow":["GET"]}}],"collection":[{"href":"https:\/\/www.afrikaldia.com\/fr\/wp-json\/wp\/v2\/pages"}],"about":[{"href":"https:\/\/www.afrikaldia.com\/fr\/wp-json\/wp\/v2\/types\/page"}],"author":[{"embeddable":true,"href":"https:\/\/www.afrikaldia.com\/fr\/wp-json\/wp\/v2\/users\/1"}],"replies":[{"embeddable":true,"href":"https:\/\/www.afrikaldia.com\/fr\/wp-json\/wp\/v2\/comments?post=22288"}],"version-history":[{"count":28,"href":"https:\/\/www.afrikaldia.com\/fr\/wp-json\/wp\/v2\/pages\/22288\/revisions"}],"predecessor-version":[{"id":24670,"href":"https:\/\/www.afrikaldia.com\/fr\/wp-json\/wp\/v2\/pages\/22288\/revisions\/24670"}],"wp:featuredmedia":[{"embeddable":true,"href":"https:\/\/www.afrikaldia.com\/fr\/wp-json\/wp\/v2\/media\/21686"}],"wp:attachment":[{"href":"https:\/\/www.afrikaldia.com\/fr\/wp-json\/wp\/v2\/media?parent=22288"}],"curies":[{"name":"wp","href":"https:\/\/api.w.org\/{rel}","templated":true}]}}