{"id":18148,"date":"2022-09-28T16:55:16","date_gmt":"2022-09-28T16:55:16","guid":{"rendered":"https:\/\/www.afrikaldia.com\/inscripcion-peliculas\/"},"modified":"2023-09-19T11:21:06","modified_gmt":"2023-09-19T11:21:06","slug":"films-registration","status":"publish","type":"page","link":"https:\/\/www.afrikaldia.com\/en\/films-registration\/","title":{"rendered":"FILMS REGISTRATION"},"content":{"rendered":"\t\t<div data-elementor-type=\"wp-page\" data-elementor-id=\"18148\" class=\"elementor elementor-18148 elementor-12591\">\n\t\t\t\t\t\t<section class=\"elementor-section elementor-top-section elementor-element elementor-element-618ae96 elementor-section-full_width elementor-section-height-default elementor-section-height-default qodef-elementor-content-no\" data-id=\"618ae96\" data-element_type=\"section\">\n\t\t\t\t\t\t<div class=\"elementor-container elementor-column-gap-default\">\n\t\t\t\t\t<div class=\"elementor-column elementor-col-100 elementor-top-column elementor-element elementor-element-6c9e432\" data-id=\"6c9e432\" data-element_type=\"column\" data-settings=\"{&quot;background_background&quot;:&quot;classic&quot;}\">\n\t\t\t<div class=\"elementor-widget-wrap elementor-element-populated\">\n\t\t\t\t\t\t<section class=\"elementor-section elementor-inner-section elementor-element elementor-element-a6f4c76 elementor-section-full_width qodef-elementor-content-grid elementor-section-height-default elementor-section-height-default\" data-id=\"a6f4c76\" data-element_type=\"section\">\n\t\t\t\t\t\t<div class=\"elementor-container elementor-column-gap-default\">\n\t\t\t\t\t<div class=\"elementor-column elementor-col-50 elementor-inner-column elementor-element elementor-element-934089c\" data-id=\"934089c\" data-element_type=\"column\">\n\t\t\t<div class=\"elementor-widget-wrap elementor-element-populated\">\n\t\t\t\t\t\t<div class=\"elementor-element elementor-element-6a18c89 elementor-widget elementor-widget-coppola_core_section_title\" data-id=\"6a18c89\" data-element_type=\"widget\" data-widget_type=\"coppola_core_section_title.default\">\n\t\t\t\t<div class=\"elementor-widget-container\">\n\t\t\t\t\t<div class=\"qodef-shortcode qodef-m  qodef-section-title qodef-alignment--left \">\n\t\t\t<h1 class=\"qodef-m-title\" style=\"color: #FFFFFF\">\n\t\t\t\t\tFILMS REGISTRATION\t\t\t<\/h1>\n\t\t<p class=\"qodef-m-text\" style=\"margin-top: 27px;color: #FFFFFF\">Fill out the contact form and we will answer you as soon as possible.<\/p>\n\t<\/div>\n\t\t\t\t<\/div>\n\t\t\t\t<\/div>\n\t\t\t\t<div class=\"elementor-element elementor-element-9be4ae3 elementor-widget elementor-widget-wp-widget-coppola_core_social_icons_group\" data-id=\"9be4ae3\" data-element_type=\"widget\" data-widget_type=\"wp-widget-coppola_core_social_icons_group.default\">\n\t\t\t\t<div class=\"elementor-widget-container\">\n\t\t\t\t\t\t\t\t<div class=\"qodef-social-icons-group\">\n\t\t\t\t<span class=\"qodef-shortcode qodef-m  qodef-icon-holder  qodef-layout--normal\" data-hover-color=\"#eaa57f\" style=\"margin: 31px 20px 0 0px\">\t\t\t<a itemprop=\"url\" href=\"https:\/\/twitter.com\/afrikaldia\" target=\"_blank\">\t\t\t<span class=\"qodef-icon-font-awesome fab fa-twitter qodef-icon qodef-e\" style=\"color: #fff;font-size: 15px\" ><\/span>\t\t\t<\/a>\t<\/span><span class=\"qodef-shortcode qodef-m  qodef-icon-holder  qodef-layout--normal\" data-hover-color=\"#eaa57f\" style=\"margin: 31px 20px 0 0px\">\t\t\t<a itemprop=\"url\" href=\"https:\/\/www.facebook.com\/Afrikaldia\" target=\"_blank\">\t\t\t<span class=\"qodef-icon-font-awesome fab fa-facebook qodef-icon qodef-e\" style=\"color: #fff;font-size: 15px\" ><\/span>\t\t\t<\/a>\t<\/span><span class=\"qodef-shortcode qodef-m  qodef-icon-holder  qodef-layout--normal\" data-hover-color=\"#eaa57f\" style=\"margin: 31px 0 0 0\">\t\t\t<a itemprop=\"url\" href=\"https:\/\/www.instagram.com\/afrikaldia\/\" target=\"_blank\">\t\t\t<span class=\"qodef-icon-font-awesome fab fa-instagram qodef-icon qodef-e\" style=\"color: #fff;font-size: 15px\" ><\/span>\t\t\t<\/a>\t<\/span><span class=\"qodef-shortcode qodef-m  qodef-icon-holder  qodef-layout--normal\" data-hover-color=\"#eaa57f\" style=\"margin: 31px 0 0 31px\">\t\t\t<a itemprop=\"url\" href=\"https:\/\/www.youtube.com\/channel\/UCKy06d9zxfvMLsAKXVVvr_A\" target=\"_blank\">\t\t\t<span class=\"qodef-icon-font-awesome fab fa-youtube qodef-icon qodef-e\" style=\"color: #ffffff;font-size: 15px\" ><\/span>\t\t\t<\/a>\t<\/span>\t\t\t<\/div>\n\t\t\t\t\t\t\t<\/div>\n\t\t\t\t<\/div>\n\t\t\t\t\t<\/div>\n\t\t<\/div>\n\t\t\t\t<div class=\"elementor-column elementor-col-50 elementor-inner-column elementor-element elementor-element-b631171\" data-id=\"b631171\" data-element_type=\"column\">\n\t\t\t<div class=\"elementor-widget-wrap\">\n\t\t\t\t\t\t\t<\/div>\n\t\t<\/div>\n\t\t\t\t\t<\/div>\n\t\t<\/section>\n\t\t\t\t\t<\/div>\n\t\t<\/div>\n\t\t\t\t\t<\/div>\n\t\t<\/section>\n\t\t\t\t<section class=\"elementor-section elementor-top-section elementor-element elementor-element-62c99c4 elementor-section-boxed elementor-section-height-default elementor-section-height-default qodef-elementor-content-no\" data-id=\"62c99c4\" data-element_type=\"section\">\n\t\t\t\t\t\t<div class=\"elementor-container elementor-column-gap-default\">\n\t\t\t\t\t<div class=\"elementor-column elementor-col-100 elementor-top-column elementor-element elementor-element-583d922\" data-id=\"583d922\" data-element_type=\"column\">\n\t\t\t<div class=\"elementor-widget-wrap elementor-element-populated\">\n\t\t\t\t\t\t<div class=\"elementor-element elementor-element-18ce20f elementor-widget elementor-widget-qi_addons_for_elementor_contact_form_7\" data-id=\"18ce20f\" data-element_type=\"widget\" data-widget_type=\"qi_addons_for_elementor_contact_form_7.default\">\n\t\t\t\t<div class=\"elementor-widget-container\">\n\t\t\t\t\t<div class=\"qodef-shortcode qodef-m qodef-qi-contact-form-7\">\n\t\n<div class=\"wpcf7 no-js\" id=\"wpcf7-f18156-o1\" lang=\"en-US\" dir=\"ltr\" data-wpcf7-id=\"18156\">\n<div class=\"screen-reader-response\"><p role=\"status\" aria-live=\"polite\" aria-atomic=\"true\"><\/p> <ul><\/ul><\/div>\n<form action=\"\/en\/wp-json\/wp\/v2\/pages\/18148#wpcf7-f18156-o1\" method=\"post\" class=\"wpcf7-form init\" aria-label=\"Contact form\" novalidate=\"novalidate\" data-status=\"init\">\n<fieldset class=\"hidden-fields-container\"><input type=\"hidden\" name=\"_wpcf7\" value=\"18156\" \/><input type=\"hidden\" name=\"_wpcf7_version\" value=\"6.1.2\" \/><input type=\"hidden\" name=\"_wpcf7_locale\" value=\"en_US\" \/><input type=\"hidden\" name=\"_wpcf7_unit_tag\" value=\"wpcf7-f18156-o1\" \/><input type=\"hidden\" name=\"_wpcf7_container_post\" value=\"0\" \/><input type=\"hidden\" name=\"_wpcf7_posted_data_hash\" value=\"\" \/><input type=\"hidden\" name=\"_wpcf7_recaptcha_response\" value=\"\" \/>\n<\/fieldset>\n<label> Your name\n    <span class=\"wpcf7-form-control-wrap\" data-name=\"your-name\"><input size=\"40\" maxlength=\"400\" class=\"wpcf7-form-control wpcf7-text wpcf7-validates-as-required\" aria-required=\"true\" aria-invalid=\"false\" value=\"\" type=\"text\" name=\"your-name\" \/><\/span> <\/label>\n\n<label> Your email\n    <span class=\"wpcf7-form-control-wrap\" data-name=\"your-email\"><input size=\"40\" maxlength=\"400\" class=\"wpcf7-form-control wpcf7-email wpcf7-validates-as-required wpcf7-text wpcf7-validates-as-email\" aria-required=\"true\" aria-invalid=\"false\" value=\"\" type=\"email\" name=\"your-email\" \/><\/span> <\/label>\n\n<label> Subject\n    <span class=\"wpcf7-form-control-wrap\" data-name=\"your-subject\"><input size=\"40\" maxlength=\"400\" class=\"wpcf7-form-control wpcf7-text wpcf7-validates-as-required\" aria-required=\"true\" aria-invalid=\"false\" value=\"\" type=\"text\" name=\"your-subject\" \/><\/span> <\/label>\n\n<label> Your message (optional)\n    <span class=\"wpcf7-form-control-wrap\" data-name=\"your-message\"><textarea cols=\"40\" rows=\"10\" maxlength=\"2000\" class=\"wpcf7-form-control wpcf7-textarea\" aria-invalid=\"false\" name=\"your-message\"><\/textarea><\/span> <\/label>\n\n<br\/>\n<span class=\"wpcf7-form-control-wrap\" data-name=\"acceptance-268\"><span class=\"wpcf7-form-control wpcf7-acceptance\"><span class=\"wpcf7-list-item\"><label><input type=\"checkbox\" name=\"acceptance-268\" value=\"1\" id=\"aceptopolitica\" aria-invalid=\"false\" \/><span class=\"wpcf7-list-item-label\">I accept the  <a href=\"\/politica-de-privacidad\/\" target=\"_blank\">Privacy Policy<\/a><\/span><\/label><\/span><\/span><\/span>\n<br\/>\n<button class=\"wpcf7-form-control wpcf7-submit qodef-button qodef-size--normal qodef-layout--outlined qodef-m\" type=\"submit\"><span class=\"qodef-m-text\">Send<\/span><\/button><p style=\"display: none !important;\" class=\"akismet-fields-container\" data-prefix=\"_wpcf7_ak_\"><label>&#916;<textarea name=\"_wpcf7_ak_hp_textarea\" cols=\"45\" rows=\"8\" maxlength=\"100\"><\/textarea><\/label><input type=\"hidden\" id=\"ak_js_1\" name=\"_wpcf7_ak_js\" value=\"89\"\/><script>document.getElementById( \"ak_js_1\" ).setAttribute( \"value\", ( new Date() ).getTime() );<\/script><\/p><div class=\"wpcf7-response-output\" aria-hidden=\"true\"><\/div>\n<\/form>\n<\/div>\n<\/div>\n\t\t\t\t<\/div>\n\t\t\t\t<\/div>\n\t\t\t\t<div class=\"elementor-element elementor-element-3504bc3 elementor-widget elementor-widget-text-editor\" data-id=\"3504bc3\" data-element_type=\"widget\" data-widget_type=\"text-editor.default\">\n\t\t\t\t<div class=\"elementor-widget-container\">\n\t\t\t\t\t\t\t\t\t<small>Los datos que nos proporcionas mediante este formulario de contacto ser\u00e1n tratados \u00fanicamente por Asociaci\u00f3n Africanista Manuel Iradier (AAMI) y Kultura Bendera Elkartea (KB) como responsable de la web. El prop\u00f3sito de este formulario es el contacto personal \/ profesional. En ning\u00fan caso se ceder\u00e1n estos datos a terceras empresas para la explotaci\u00f3n comercial de los mismos. Los datos son almacenados localmente en Espa\u00f1a (EU). Todo usuario que use este formulario tiene derecho a la anulaci\u00f3n o modificaci\u00f3n de la informaci\u00f3n enviada. Para ejercer este derecho, por favor, escriba un email a: comunicacion@afrikaldia.com<\/small>\t\t\t\t\t\t\t\t<\/div>\n\t\t\t\t<\/div>\n\t\t\t\t\t<\/div>\n\t\t<\/div>\n\t\t\t\t\t<\/div>\n\t\t<\/section>\n\t\t\t\t<\/div>\n\t\t","protected":false},"excerpt":{"rendered":"<p>FILMS REGISTRATION Fill out the contact form and we will answer you as soon as possible. Tu nombre Tu correo electr\u00f3nico Asunto Tu mensaje (opcional) Acepto la Pol\u00edtica de Privacidad Enviar &#916; Los datos que nos proporcionas mediante este formulario de contacto ser\u00e1n tratados \u00fanicamente por Asociaci\u00f3n Africanista Manuel Iradier (AAMI) y Kultura Bendera Elkartea [&hellip;]<\/p>\n","protected":false},"author":1,"featured_media":0,"parent":0,"menu_order":0,"comment_status":"closed","ping_status":"closed","template":"page-full-width.php","meta":{"_monsterinsights_skip_tracking":false,"_monsterinsights_sitenote_active":false,"_monsterinsights_sitenote_note":"","_monsterinsights_sitenote_category":0,"footnotes":""},"class_list":["post-18148","page","type-page","status-publish","hentry"],"yoast_head":"<!-- This site is optimized with the Yoast SEO plugin v26.2 - https:\/\/yoast.com\/wordpress\/plugins\/seo\/ -->\n<title>FILMS REGISTRATION - Afrikaldia \u2013 Festival Vasco de Cines Africanos<\/title>\n<meta name=\"robots\" content=\"index, follow, max-snippet:-1, max-image-preview:large, max-video-preview:-1\" \/>\n<link rel=\"canonical\" href=\"https:\/\/www.afrikaldia.com\/en\/films-registration\/\" \/>\n<meta property=\"og:locale\" content=\"en_US\" \/>\n<meta property=\"og:type\" content=\"article\" \/>\n<meta property=\"og:title\" content=\"FILMS REGISTRATION - Afrikaldia \u2013 Festival Vasco de Cines Africanos\" \/>\n<meta property=\"og:description\" content=\"FILMS REGISTRATION Fill out the contact form and we will answer you as soon as possible. Tu nombre Tu correo electr\u00f3nico Asunto Tu mensaje (opcional) Acepto la Pol\u00edtica de Privacidad Enviar &#916; Los datos que nos proporcionas mediante este formulario de contacto ser\u00e1n tratados \u00fanicamente por Asociaci\u00f3n Africanista Manuel Iradier (AAMI) y Kultura Bendera Elkartea [&hellip;]\" \/>\n<meta property=\"og:url\" content=\"https:\/\/www.afrikaldia.com\/en\/films-registration\/\" \/>\n<meta property=\"og:site_name\" content=\"Afrikaldia \u2013 Festival Vasco de Cines Africanos\" \/>\n<meta property=\"article:modified_time\" content=\"2023-09-19T11:21:06+00:00\" \/>\n<meta name=\"twitter:card\" content=\"summary_large_image\" \/>\n<meta name=\"twitter:label1\" content=\"Est. reading time\" \/>\n\t<meta name=\"twitter:data1\" content=\"1 minute\" \/>\n<script type=\"application\/ld+json\" class=\"yoast-schema-graph\">{\"@context\":\"https:\/\/schema.org\",\"@graph\":[{\"@type\":\"WebPage\",\"@id\":\"https:\/\/www.afrikaldia.com\/en\/films-registration\/\",\"url\":\"https:\/\/www.afrikaldia.com\/en\/films-registration\/\",\"name\":\"FILMS REGISTRATION - Afrikaldia \u2013 Festival Vasco de Cines Africanos\",\"isPartOf\":{\"@id\":\"https:\/\/www.afrikaldia.com\/#website\"},\"datePublished\":\"2022-09-28T16:55:16+00:00\",\"dateModified\":\"2023-09-19T11:21:06+00:00\",\"breadcrumb\":{\"@id\":\"https:\/\/www.afrikaldia.com\/en\/films-registration\/#breadcrumb\"},\"inLanguage\":\"en-US\",\"potentialAction\":[{\"@type\":\"ReadAction\",\"target\":[\"https:\/\/www.afrikaldia.com\/en\/films-registration\/\"]}]},{\"@type\":\"BreadcrumbList\",\"@id\":\"https:\/\/www.afrikaldia.com\/en\/films-registration\/#breadcrumb\",\"itemListElement\":[{\"@type\":\"ListItem\",\"position\":1,\"name\":\"Portada\",\"item\":\"https:\/\/www.afrikaldia.com\/en\/\"},{\"@type\":\"ListItem\",\"position\":2,\"name\":\"FILMS REGISTRATION\"}]},{\"@type\":\"WebSite\",\"@id\":\"https:\/\/www.afrikaldia.com\/#website\",\"url\":\"https:\/\/www.afrikaldia.com\/\",\"name\":\"Afrikaldia \u2013 Festival Vasco de Cines Africanos\",\"description\":\"AFRIKALDIA es un festival internacional de cine de car\u00e1cter competitivo, dirigido a todos los p\u00fablicos.\",\"potentialAction\":[{\"@type\":\"SearchAction\",\"target\":{\"@type\":\"EntryPoint\",\"urlTemplate\":\"https:\/\/www.afrikaldia.com\/?s={search_term_string}\"},\"query-input\":{\"@type\":\"PropertyValueSpecification\",\"valueRequired\":true,\"valueName\":\"search_term_string\"}}],\"inLanguage\":\"en-US\"}]}<\/script>\n<!-- \/ Yoast SEO plugin. -->","yoast_head_json":{"title":"FILMS REGISTRATION - Afrikaldia \u2013 Festival Vasco de Cines Africanos","robots":{"index":"index","follow":"follow","max-snippet":"max-snippet:-1","max-image-preview":"max-image-preview:large","max-video-preview":"max-video-preview:-1"},"canonical":"https:\/\/www.afrikaldia.com\/en\/films-registration\/","og_locale":"en_US","og_type":"article","og_title":"FILMS REGISTRATION - Afrikaldia \u2013 Festival Vasco de Cines Africanos","og_description":"FILMS REGISTRATION Fill out the contact form and we will answer you as soon as possible. Tu nombre Tu correo electr\u00f3nico Asunto Tu mensaje (opcional) Acepto la Pol\u00edtica de Privacidad Enviar &#916; Los datos que nos proporcionas mediante este formulario de contacto ser\u00e1n tratados \u00fanicamente por Asociaci\u00f3n Africanista Manuel Iradier (AAMI) y Kultura Bendera Elkartea [&hellip;]","og_url":"https:\/\/www.afrikaldia.com\/en\/films-registration\/","og_site_name":"Afrikaldia \u2013 Festival Vasco de Cines Africanos","article_modified_time":"2023-09-19T11:21:06+00:00","twitter_card":"summary_large_image","twitter_misc":{"Est. reading time":"1 minute"},"schema":{"@context":"https:\/\/schema.org","@graph":[{"@type":"WebPage","@id":"https:\/\/www.afrikaldia.com\/en\/films-registration\/","url":"https:\/\/www.afrikaldia.com\/en\/films-registration\/","name":"FILMS REGISTRATION - Afrikaldia \u2013 Festival Vasco de Cines Africanos","isPartOf":{"@id":"https:\/\/www.afrikaldia.com\/#website"},"datePublished":"2022-09-28T16:55:16+00:00","dateModified":"2023-09-19T11:21:06+00:00","breadcrumb":{"@id":"https:\/\/www.afrikaldia.com\/en\/films-registration\/#breadcrumb"},"inLanguage":"en-US","potentialAction":[{"@type":"ReadAction","target":["https:\/\/www.afrikaldia.com\/en\/films-registration\/"]}]},{"@type":"BreadcrumbList","@id":"https:\/\/www.afrikaldia.com\/en\/films-registration\/#breadcrumb","itemListElement":[{"@type":"ListItem","position":1,"name":"Portada","item":"https:\/\/www.afrikaldia.com\/en\/"},{"@type":"ListItem","position":2,"name":"FILMS REGISTRATION"}]},{"@type":"WebSite","@id":"https:\/\/www.afrikaldia.com\/#website","url":"https:\/\/www.afrikaldia.com\/","name":"Afrikaldia \u2013 Festival Vasco de Cines Africanos","description":"AFRIKALDIA es un festival internacional de cine de car\u00e1cter competitivo, dirigido a todos los p\u00fablicos.","potentialAction":[{"@type":"SearchAction","target":{"@type":"EntryPoint","urlTemplate":"https:\/\/www.afrikaldia.com\/?s={search_term_string}"},"query-input":{"@type":"PropertyValueSpecification","valueRequired":true,"valueName":"search_term_string"}}],"inLanguage":"en-US"}]}},"_links":{"self":[{"href":"https:\/\/www.afrikaldia.com\/en\/wp-json\/wp\/v2\/pages\/18148","targetHints":{"allow":["GET"]}}],"collection":[{"href":"https:\/\/www.afrikaldia.com\/en\/wp-json\/wp\/v2\/pages"}],"about":[{"href":"https:\/\/www.afrikaldia.com\/en\/wp-json\/wp\/v2\/types\/page"}],"author":[{"embeddable":true,"href":"https:\/\/www.afrikaldia.com\/en\/wp-json\/wp\/v2\/users\/1"}],"replies":[{"embeddable":true,"href":"https:\/\/www.afrikaldia.com\/en\/wp-json\/wp\/v2\/comments?post=18148"}],"version-history":[{"count":4,"href":"https:\/\/www.afrikaldia.com\/en\/wp-json\/wp\/v2\/pages\/18148\/revisions"}],"predecessor-version":[{"id":18154,"href":"https:\/\/www.afrikaldia.com\/en\/wp-json\/wp\/v2\/pages\/18148\/revisions\/18154"}],"wp:attachment":[{"href":"https:\/\/www.afrikaldia.com\/en\/wp-json\/wp\/v2\/media?parent=18148"}],"curies":[{"name":"wp","href":"https:\/\/api.w.org\/{rel}","templated":true}]}}